{"id":2,"date":"2008-02-15T20:45:32","date_gmt":"2008-02-15T19:45:32","guid":{"rendered":""},"modified":"2021-05-26T16:14:31","modified_gmt":"2021-05-26T15:14:31","slug":"eine-seite","status":"publish","type":"page","link":"https:\/\/www.rechtsanwalt-heinrich.net\/?page_id=2","title":{"rendered":"Impressum"},"content":{"rendered":"<p>Rechtsanw\u00e4ltin<br \/>\nAnne-Christin Speichert<\/p>\n<p>Bleekerstra\u00dfe 1<br \/>\n25436 Uetersen<\/p>\n<p>Telefon: 04122\/967 282<br \/>\nFax: 04122\/418 95<\/p>\n<p>mail@speichert.net<\/p>\n<p>Zust\u00e4ndige Rechtsanwaltskammer ist die Schleswig-Holsteinische Rechtsanwaltskammer, Gottorfstra\u00dfe 13, 24837 Schleswig, Telefon 04621\/ 9391-0, Internet www.rak-sh.de.<\/p>\n<p>F\u00fcr die T\u00e4tigkeit von Rechtsanw\u00e4ltinnen und Rechtsanw\u00e4lten gelten die Bundesrechtsanwaltsordnung (BRAO), das Rechtsanwaltsverg\u00fctungsgesetz (RVG) und die Berufsordnung f\u00fcr Rechtsanw\u00e4lte (BORA) sowie die Fachanwaltsordnung (FAO). Diese k\u00f6nnen unter <a href=\"http:\/\/www.brak.de\">www.brak.de<\/a> abgerufen werden.<\/p>\n<p class=\"paragraph_style_6\">Eine Berufshaftpflichtversicherung mit einer Deckungssumme von jeweils 500.000,00 \u20ac wird\u00a0 unterhalten bei der HDI Versicherung AG, HDI-Platz 1, 30659 Hannover. R\u00e4umlicher Geltungsbereich ist die Bundesrepublik Deutschland.<\/p>\n","protected":false},"excerpt":{"rendered":"<p>Rechtsanw\u00e4ltin Anne-Christin Speichert Bleekerstra\u00dfe 1 25436 Uetersen Telefon: 04122\/967 282 Fax: 04122\/418 95 mail@speichert.net Zust\u00e4ndige Rechtsanwaltskammer ist die Schleswig-Holsteinische Rechtsanwaltskammer, Gottorfstra\u00dfe 13, 24837 Schleswig, Telefon 04621\/ 9391-0, Internet www.rak-sh.de. F\u00fcr die T\u00e4tigkeit von Rechtsanw\u00e4ltinnen und Rechtsanw\u00e4lten gelten die Bundesrechtsanwaltsordnung (BRAO), &hellip; <a href=\"https:\/\/www.rechtsanwalt-heinrich.net\/?page_id=2\">Weiterlesen <span class=\"meta-nav\">&rarr;<\/span><\/a><\/p>\n","protected":false},"author":1,"featured_media":0,"parent":0,"menu_order":0,"comment_status":"closed","ping_status":"closed","template":"","meta":{"footnotes":""},"class_list":["post-2","page","type-page","status-publish","hentry"],"_links":{"self":[{"href":"https:\/\/www.rechtsanwalt-heinrich.net\/index.php?rest_route=\/wp\/v2\/pages\/2"}],"collection":[{"href":"https:\/\/www.rechtsanwalt-heinrich.net\/index.php?rest_route=\/wp\/v2\/pages"}],"about":[{"href":"https:\/\/www.rechtsanwalt-heinrich.net\/index.php?rest_route=\/wp\/v2\/types\/page"}],"author":[{"embeddable":true,"href":"https:\/\/www.rechtsanwalt-heinrich.net\/index.php?rest_route=\/wp\/v2\/users\/1"}],"replies":[{"embeddable":true,"href":"https:\/\/www.rechtsanwalt-heinrich.net\/index.php?rest_route=%2Fwp%2Fv2%2Fcomments&post=2"}],"version-history":[{"count":12,"href":"https:\/\/www.rechtsanwalt-heinrich.net\/index.php?rest_route=\/wp\/v2\/pages\/2\/revisions"}],"predecessor-version":[{"id":147,"href":"https:\/\/www.rechtsanwalt-heinrich.net\/index.php?rest_route=\/wp\/v2\/pages\/2\/revisions\/147"}],"wp:attachment":[{"href":"https:\/\/www.rechtsanwalt-heinrich.net\/index.php?rest_route=%2Fwp%2Fv2%2Fmedia&parent=2"}],"curies":[{"name":"wp","href":"https:\/\/api.w.org\/{rel}","templated":true}]}}