{"id":125,"date":"2021-05-18T11:07:25","date_gmt":"2021-05-18T10:07:25","guid":{"rendered":"https:\/\/www.rechtsanwalt-heinrich.net\/?page_id=125"},"modified":"2024-07-03T10:22:37","modified_gmt":"2024-07-03T09:22:37","slug":"ueber-mich","status":"publish","type":"page","link":"https:\/\/www.rechtsanwalt-heinrich.net\/?page_id=125","title":{"rendered":"\u00dcber mich"},"content":{"rendered":"\n<p>Ich wurde 1982 in Heidelberg geboren und zog bald mit meiner Familie zur\u00fcck nach Uetersen, wo mein Vater als Rechtsanwalt und sp\u00e4ter auch Notar Fu\u00df fasste. Aufgewachsen bin ich in Uetersen und habe mein Abitur 2001 am Ludwig-Meyn-Gymnasium abgelegt.<\/p>\n\n\n\n<p>Das Studium der Rechtswissenschaften f\u00fchrte mich nach Kiel, wo ich 2006 mein erstes Staatsexamen mit dem Schwerpunkt Familienrecht und 2008 mein zweites Staatsexamen mit dem Schwerpunkt Strafrecht ablegte.<\/p>\n\n\n\n<p><\/p>\n\n\n\n<p>Im Dezember 2008 wurde ich zur Rechtsanwaltschaft zugelassen, im Januar 2009 begann ich in B\u00fcrogemeinschaft mit meinem Vater, Rechtsanwalt und Notar a.D. Gerd Uwe Heinrich, in der Kirchenstra\u00dfe eine erfolgreiche und erf\u00fcllende Zusammenarbeit \u00fcber 12 Jahre.<\/p>\n\n\n\n<p><\/p>\n\n\n\n<p>Seit April 2021 arbeite ich, nachdem mein Vater und Kollege in den Ruhestand ging, in B\u00fcrogemeinschaft mit der alteingesessenen Kanzlei Glaubach in der Bleekerstra\u00dfe. F\u00fcr mich ist vertrauensvoller Austausch mit Kollegen eine der Stellschrauben, um Sie bestm\u00f6glich beraten und begleiten zu k\u00f6nnen, darum freue ich mich \u00fcber diese neue Kooperation sehr.<\/p>\n\n\n\n<p><\/p>\n\n\n\n<p>Durch langj\u00e4hrige Erfahrung im Schwerpunktbereich Familienrecht bin ich Ihre kompetente Begleiterin in allen Fragen z.B. des Umgangsrechts, Sorgerechts und zum Thema Unterhalt und Scheidung. Sobald zu Ihrer Familie Kinder geh\u00f6ren steht ihr Wohl f\u00fcr mich immer mit im Blick.  Daraus folgend ist meine Mandatsbearbeitung hart in der Sache, aber stets sachlich und konstruktiv.<\/p>\n\n\n\n<p>Meine Mandantinnen und Mandanten sch\u00e4tzen meine empathische, dynamische und unkomplizierte Arbeitsweise und berichten mir immer wieder, sie f\u00fchlten sich bei mir mit ihrem Anliegen gesehen. Genau dies ist mein Ziel. <\/p>\n\n\n\n<p><\/p>\n\n\n\n<p>In meiner Freizeit finde ich Entspannung beim Singen in meinem Chor. Seit 2013 bin ich Ratsfrau der Stadt Uetersen.<\/p>\n\n\n\n<p><\/p>\n\n\n\n<p>Mitgliedschaften:<\/p>\n\n\n\n<ul class=\"wp-block-list\"><li>Deutscher Anwaltsverein<\/li><li>Frauen helfen Frauen e.V.<\/li><\/ul>\n","protected":false},"excerpt":{"rendered":"<p>Ich wurde 1982 in Heidelberg geboren und zog bald mit meiner Familie zur\u00fcck nach Uetersen, wo mein Vater als Rechtsanwalt und sp\u00e4ter auch Notar Fu\u00df fasste. Aufgewachsen bin ich in Uetersen und habe mein Abitur 2001 am Ludwig-Meyn-Gymnasium abgelegt. Das &hellip; <a href=\"https:\/\/www.rechtsanwalt-heinrich.net\/?page_id=125\">Weiterlesen <span class=\"meta-nav\">&rarr;<\/span><\/a><\/p>\n","protected":false},"author":1,"featured_media":0,"parent":0,"menu_order":0,"comment_status":"closed","ping_status":"closed","template":"","meta":{"footnotes":""},"class_list":["post-125","page","type-page","status-publish","hentry"],"_links":{"self":[{"href":"https:\/\/www.rechtsanwalt-heinrich.net\/index.php?rest_route=\/wp\/v2\/pages\/125"}],"collection":[{"href":"https:\/\/www.rechtsanwalt-heinrich.net\/index.php?rest_route=\/wp\/v2\/pages"}],"about":[{"href":"https:\/\/www.rechtsanwalt-heinrich.net\/index.php?rest_route=\/wp\/v2\/types\/page"}],"author":[{"embeddable":true,"href":"https:\/\/www.rechtsanwalt-heinrich.net\/index.php?rest_route=\/wp\/v2\/users\/1"}],"replies":[{"embeddable":true,"href":"https:\/\/www.rechtsanwalt-heinrich.net\/index.php?rest_route=%2Fwp%2Fv2%2Fcomments&post=125"}],"version-history":[{"count":13,"href":"https:\/\/www.rechtsanwalt-heinrich.net\/index.php?rest_route=\/wp\/v2\/pages\/125\/revisions"}],"predecessor-version":[{"id":188,"href":"https:\/\/www.rechtsanwalt-heinrich.net\/index.php?rest_route=\/wp\/v2\/pages\/125\/revisions\/188"}],"wp:attachment":[{"href":"https:\/\/www.rechtsanwalt-heinrich.net\/index.php?rest_route=%2Fwp%2Fv2%2Fmedia&parent=125"}],"curies":[{"name":"wp","href":"https:\/\/api.w.org\/{rel}","templated":true}]}}